{"id":28,"date":"2018-05-19T06:11:43","date_gmt":"2018-05-19T06:11:43","guid":{"rendered":"http:\/\/buchner-druck.at\/wordpress\/?page_id=28"},"modified":"2018-09-13T07:59:52","modified_gmt":"2018-09-13T07:59:52","slug":"verpackungspapiere","status":"publish","type":"page","link":"https:\/\/buchner-druck.at\/wordpress\/?page_id=28","title":{"rendered":"Verpackungspapiere"},"content":{"rendered":"<p><strong>Bogen- und Rollenware<\/strong><br \/>\nEs spielt keine Rolle, was Sie einwickeln wollen &#8211; es sollte einfach sch\u00f6n und funktionell sein. Ihre Leistung soll nicht im Papier versteckt, sondern pr\u00e4sentiert werden.<br \/>\nBDS beweist Flexibilit\u00e4t abseits vom Standard. Egal ob Bogen- oder Rollenware, auch kleine Mengen sind uns willkommen.<\/p>\n<p><strong>Weihnachtspapier<\/strong><br \/>\nLieferform: Nur in B\u00f6gen, ungefalzt, ca. 100 x 70 cm, Neopress 130 g, gl\u00e4nzend, jede Farbkombination m\u00f6glich!<br \/>\nSatzkosten 40,- \/ per Bogen 3,50 EUR netto, ab 100 Bogen ohne Versandkosten.<\/p>\n<div class=\"rl-gallery-container rl-loading\" id=\"rl-gallery-container-1\" data-gallery_id=\"130\"> <div class=\"rl-gallery rl-basicgrid-gallery \" id=\"rl-gallery-1\" data-gallery_no=\"1\"> <div class=\"rl-gallery-item\"><a href=\"https:\/\/buchner-druck.at\/wordpress\/wp-content\/uploads\/2018\/05\/weihnachtspapier_bds1-1024x724.gif\" title=\"\" data-rl_title=\"\" class=\"rl-gallery-link\" data-rl_caption=\"\" data-rel=\"lightbox-gallery-1\"><img src=\"https:\/\/buchner-druck.at\/wordpress\/wp-content\/uploads\/2018\/05\/weihnachtspapier_bds1-300x212.gif\" width=\"300\" height=\"212\" \/><\/a><\/div><div class=\"rl-gallery-item\"><a href=\"https:\/\/buchner-druck.at\/wordpress\/wp-content\/uploads\/2018\/05\/weihnachtspapier_bds2-1024x724.gif\" title=\"\" data-rl_title=\"\" class=\"rl-gallery-link\" data-rl_caption=\"\" data-rel=\"lightbox-gallery-1\"><img src=\"https:\/\/buchner-druck.at\/wordpress\/wp-content\/uploads\/2018\/05\/weihnachtspapier_bds2-300x212.gif\" width=\"300\" height=\"212\" \/><\/a><\/div><div class=\"rl-gallery-item\"><a href=\"https:\/\/buchner-druck.at\/wordpress\/wp-content\/uploads\/2018\/05\/weihnachtspapier_bds3-1024x724.gif\" title=\"\" data-rl_title=\"\" class=\"rl-gallery-link\" data-rl_caption=\"\" data-rel=\"lightbox-gallery-1\"><img src=\"https:\/\/buchner-druck.at\/wordpress\/wp-content\/uploads\/2018\/05\/weihnachtspapier_bds3-300x212.gif\" width=\"300\" height=\"212\" \/><\/a><\/div><div class=\"rl-gallery-item\"><a href=\"https:\/\/buchner-druck.at\/wordpress\/wp-content\/uploads\/2018\/05\/weihnachtspapier_bds4-1024x724.gif\" title=\"\" data-rl_title=\"\" class=\"rl-gallery-link\" data-rl_caption=\"\" data-rel=\"lightbox-gallery-1\"><img src=\"https:\/\/buchner-druck.at\/wordpress\/wp-content\/uploads\/2018\/05\/weihnachtspapier_bds4-300x212.gif\" width=\"300\" height=\"212\" \/><\/a><\/div> <\/div> <\/div>\n<p><em>Gerne gestalten wir auch Ihr pers\u00f6nliches Weihnachtspapier mit Ihrem Firmenlogo.<\/em><\/p>\n<p><strong>Tragtaschen<\/strong><br \/>\nUnd weil der Flexodruck viel mehr kann, als Einwickelpapier zu bedrucken, bieten wir Ihnen auch gerne alle denkbaren Formen von Papier- und Kunststofftragtaschen an.<\/p>\n","protected":false},"excerpt":{"rendered":"<p>Bogen- und Rollenware Es spielt keine Rolle, was Sie einwickeln wollen &#8211; es sollte einfach sch\u00f6n und funktionell sein. Ihre Leistung soll nicht im Papier versteckt, sondern pr\u00e4sentiert werden. BDS beweist Flexibilit\u00e4t abseits vom Standard. Egal ob Bogen- oder Rollenware, auch kleine Mengen sind uns willkommen. Weihnachtspapier Lieferform: Nur in B\u00f6gen, ungefalzt, ca. 100 x &hellip; <\/p>\n<p class=\"link-more\"><a href=\"https:\/\/buchner-druck.at\/wordpress\/?page_id=28\" class=\"more-link\"><span class=\"screen-reader-text\">\u201eVerpackungspapiere\u201c<\/span> weiterlesen<\/a><\/p>\n","protected":false},"author":1,"featured_media":176,"parent":0,"menu_order":0,"comment_status":"closed","ping_status":"closed","template":"","meta":[],"_links":{"self":[{"href":"https:\/\/buchner-druck.at\/wordpress\/index.php?rest_route=\/wp\/v2\/pages\/28"}],"collection":[{"href":"https:\/\/buchner-druck.at\/wordpress\/index.php?rest_route=\/wp\/v2\/pages"}],"about":[{"href":"https:\/\/buchner-druck.at\/wordpress\/index.php?rest_route=\/wp\/v2\/types\/page"}],"author":[{"embeddable":true,"href":"https:\/\/buchner-druck.at\/wordpress\/index.php?rest_route=\/wp\/v2\/users\/1"}],"replies":[{"embeddable":true,"href":"https:\/\/buchner-druck.at\/wordpress\/index.php?rest_route=%2Fwp%2Fv2%2Fcomments&post=28"}],"version-history":[{"count":5,"href":"https:\/\/buchner-druck.at\/wordpress\/index.php?rest_route=\/wp\/v2\/pages\/28\/revisions"}],"predecessor-version":[{"id":198,"href":"https:\/\/buchner-druck.at\/wordpress\/index.php?rest_route=\/wp\/v2\/pages\/28\/revisions\/198"}],"wp:featuredmedia":[{"embeddable":true,"href":"https:\/\/buchner-druck.at\/wordpress\/index.php?rest_route=\/wp\/v2\/media\/176"}],"wp:attachment":[{"href":"https:\/\/buchner-druck.at\/wordpress\/index.php?rest_route=%2Fwp%2Fv2%2Fmedia&parent=28"}],"curies":[{"name":"wp","href":"https:\/\/api.w.org\/{rel}","templated":true}]}}