{"id":279,"date":"2019-06-27T07:26:23","date_gmt":"2019-06-27T07:26:23","guid":{"rendered":"http:\/\/buchner-druck.at\/wordpress\/?page_id=279"},"modified":"2023-04-13T18:54:07","modified_gmt":"2023-04-13T18:54:07","slug":"news","status":"publish","type":"page","link":"https:\/\/buchner-druck.at\/wordpress\/?page_id=279","title":{"rendered":"AKTUELLES"},"content":{"rendered":"<p><span class=\"_5mfr\"><span class=\"_6qdm\">&#x203c;&#xfe0f;<\/span><\/span>Die schnelle und praktische Art zu werben<span class=\"_5mfr\"><span class=\"_6qdm\">&#x203c;&#xfe0f;<\/span><\/span><\/p>\n<p>Rollups und Banner sind ideal f\u00fcr Messen und Veranstaltungen und bei uns in den verschiedensten Ausf\u00fchrungen und Gr\u00f6\u00dfen erh\u00e4ltlich. <span class=\"_5mfr\"><span class=\"_6qdm\">&#x1f60e;<\/span><\/span><br \/>\nProfitieren Sie von exzellenter Druckqualit\u00e4t und schnellen Lieferzeiten. <span class=\"_5mfr\"><span class=\"_6qdm\">&#x1f44d;<\/span><\/span><\/p>\n<div class=\"text_exposed_show\">\n<p>Wir beraten gerne<span class=\"_5mfr\"><span class=\"_6qdm\">&#x203c;&#xfe0f;<\/span><\/span><\/p>\n<p><img decoding=\"async\" loading=\"lazy\" class=\"alignnone wp-image-312\" src=\"https:\/\/buchner-druck.at\/wordpress\/wp-content\/uploads\/2020\/01\/banner_rollup-300x209.jpg\" alt=\"\" width=\"500\" height=\"349\" srcset=\"https:\/\/buchner-druck.at\/wordpress\/wp-content\/uploads\/2020\/01\/banner_rollup-300x209.jpg 300w, https:\/\/buchner-druck.at\/wordpress\/wp-content\/uploads\/2020\/01\/banner_rollup-768x536.jpg 768w, https:\/\/buchner-druck.at\/wordpress\/wp-content\/uploads\/2020\/01\/banner_rollup.jpg 960w\" sizes=\"(max-width: 500px) 100vw, 500px\" \/><\/p>\n<\/div>\n<hr>\n<p><span class=\"_5mfr\"><span class=\"_6qdm\">&nbsp;<img decoding=\"async\" loading=\"lazy\" class=\"alignnone size-full wp-image-238\" src=\"https:\/\/buchner-druck.at\/wordpress\/wp-content\/uploads\/2019\/05\/platzhalter_leer.gif\" alt=\"\" width=\"10\" height=\"20\"><br \/>\n<\/span><\/span><b>Neue&nbsp;<\/b><span style=\"font-weight: 600;\">Beklebung<\/span><b>&nbsp;des Firmenfahrzeuges!!!<\/b><\/p>\n<p>Unser emissionfreies Firmenfahrzeug hat sich, passend zu unseren Drucksorten, in ein neues Gewand geschmissen. <span class=\"_5mfr\"><span class=\"_6qdm\">&#x1f60e;<\/span><\/span><br \/>\nWas liegt n\u00e4her, als das eigene Firmenfahrzeug werbewirksam mit Aufklebern zu versehen.<br \/>\nKlein und dezent oder lieber gro\u00df und auff\u00e4llig? \u2013 vieles ist m\u00f6glich.<span class=\"text_exposed_show\"><br \/>\nEgal ob im Stau, an der Ampel oder auf einem Parkplatz \u2013 ihr Fahrzeug wird t\u00e4glich gesehen.<\/span><\/p>\n<div class=\"text_exposed_show\">\n<p>Die Aufkleber sind nat\u00fcrlich in unserem Betrieb gefertigt.<span class=\"_5mfr\"><span class=\"_6qdm\">&#x203c;&#xfe0f;<\/span><\/span><\/p>\n<\/div>\n<p><span style=\"font-size: 1rem;\"><div class=\"rl-gallery-container rl-loading\" id=\"rl-gallery-container-1\" data-gallery_id=\"271\"> <div class=\"rl-gallery rl-basicgrid-gallery \" id=\"rl-gallery-1\" data-gallery_no=\"1\"> <div class=\"rl-gallery-item\"><a href=\"https:\/\/buchner-druck.at\/wordpress\/wp-content\/uploads\/2019\/06\/auto_leaf-1024x768.jpg\" title=\"\" data-rl_title=\"\" class=\"rl-gallery-link\" data-rl_caption=\"\" data-rel=\"lightbox-gallery-1\"><img src=\"https:\/\/buchner-druck.at\/wordpress\/wp-content\/uploads\/2019\/06\/auto_leaf-300x225.jpg\" width=\"300\" height=\"225\" \/><\/a><\/div><div class=\"rl-gallery-item\"><a href=\"https:\/\/buchner-druck.at\/wordpress\/wp-content\/uploads\/2019\/06\/auto_leaf1-1024x768.jpg\" title=\"\" data-rl_title=\"\" class=\"rl-gallery-link\" data-rl_caption=\"\" data-rel=\"lightbox-gallery-1\"><img src=\"https:\/\/buchner-druck.at\/wordpress\/wp-content\/uploads\/2019\/06\/auto_leaf1-300x225.jpg\" width=\"300\" height=\"225\" \/><\/a><\/div><div class=\"rl-gallery-item\"><a href=\"https:\/\/buchner-druck.at\/wordpress\/wp-content\/uploads\/2019\/06\/auto_leaf2-1024x768.jpg\" title=\"\" data-rl_title=\"\" class=\"rl-gallery-link\" data-rl_caption=\"\" data-rel=\"lightbox-gallery-1\"><img src=\"https:\/\/buchner-druck.at\/wordpress\/wp-content\/uploads\/2019\/06\/auto_leaf2-300x225.jpg\" width=\"300\" height=\"225\" \/><\/a><\/div><div class=\"rl-gallery-item\"><a href=\"https:\/\/buchner-druck.at\/wordpress\/wp-content\/uploads\/2019\/06\/auto_leaf3-1024x768.jpg\" title=\"\" data-rl_title=\"\" class=\"rl-gallery-link\" data-rl_caption=\"\" data-rel=\"lightbox-gallery-1\"><img src=\"https:\/\/buchner-druck.at\/wordpress\/wp-content\/uploads\/2019\/06\/auto_leaf3-300x225.jpg\" width=\"300\" height=\"225\" \/><\/a><\/div><div class=\"rl-gallery-item\"><a href=\"https:\/\/buchner-druck.at\/wordpress\/wp-content\/uploads\/2019\/06\/auto_leaf4-1024x768.jpg\" title=\"\" data-rl_title=\"\" class=\"rl-gallery-link\" data-rl_caption=\"\" data-rel=\"lightbox-gallery-1\"><img src=\"https:\/\/buchner-druck.at\/wordpress\/wp-content\/uploads\/2019\/06\/auto_leaf4-300x225.jpg\" width=\"300\" height=\"225\" \/><\/a><\/div><div class=\"rl-gallery-item\"><a href=\"https:\/\/buchner-druck.at\/wordpress\/wp-content\/uploads\/2019\/06\/auto_leaf5-1024x768.jpg\" title=\"\" data-rl_title=\"\" class=\"rl-gallery-link\" data-rl_caption=\"\" data-rel=\"lightbox-gallery-1\"><img src=\"https:\/\/buchner-druck.at\/wordpress\/wp-content\/uploads\/2019\/06\/auto_leaf5-300x225.jpg\" width=\"300\" height=\"225\" \/><\/a><\/div><div class=\"rl-gallery-item\"><a href=\"https:\/\/buchner-druck.at\/wordpress\/wp-content\/uploads\/2019\/06\/auto_leaf6-1024x768.jpg\" title=\"\" data-rl_title=\"\" class=\"rl-gallery-link\" data-rl_caption=\"\" data-rel=\"lightbox-gallery-1\"><img src=\"https:\/\/buchner-druck.at\/wordpress\/wp-content\/uploads\/2019\/06\/auto_leaf6-300x225.jpg\" width=\"300\" height=\"225\" \/><\/a><\/div> <\/div> <\/div><\/span><\/p>\n","protected":false},"excerpt":{"rendered":"<p>&#x203c;&#xfe0f;Die schnelle und praktische Art zu werben&#x203c;&#xfe0f; Rollups und Banner sind ideal f\u00fcr Messen und Veranstaltungen und bei uns in den verschiedensten Ausf\u00fchrungen und Gr\u00f6\u00dfen erh\u00e4ltlich. &#x1f60e; Profitieren Sie von exzellenter Druckqualit\u00e4t und schnellen Lieferzeiten. &#x1f44d; Wir beraten gerne&#x203c;&#xfe0f; &nbsp; Neue&nbsp;Beklebung&nbsp;des Firmenfahrzeuges!!! Unser emissionfreies Firmenfahrzeug hat sich, passend zu unseren Drucksorten, in ein neues Gewand &hellip; <\/p>\n<p class=\"link-more\"><a href=\"https:\/\/buchner-druck.at\/wordpress\/?page_id=279\" class=\"more-link\"><span class=\"screen-reader-text\">\u201eAKTUELLES\u201c<\/span> weiterlesen<\/a><\/p>\n","protected":false},"author":1,"featured_media":0,"parent":0,"menu_order":0,"comment_status":"closed","ping_status":"closed","template":"","meta":[],"_links":{"self":[{"href":"https:\/\/buchner-druck.at\/wordpress\/index.php?rest_route=\/wp\/v2\/pages\/279"}],"collection":[{"href":"https:\/\/buchner-druck.at\/wordpress\/index.php?rest_route=\/wp\/v2\/pages"}],"about":[{"href":"https:\/\/buchner-druck.at\/wordpress\/index.php?rest_route=\/wp\/v2\/types\/page"}],"author":[{"embeddable":true,"href":"https:\/\/buchner-druck.at\/wordpress\/index.php?rest_route=\/wp\/v2\/users\/1"}],"replies":[{"embeddable":true,"href":"https:\/\/buchner-druck.at\/wordpress\/index.php?rest_route=%2Fwp%2Fv2%2Fcomments&post=279"}],"version-history":[{"count":8,"href":"https:\/\/buchner-druck.at\/wordpress\/index.php?rest_route=\/wp\/v2\/pages\/279\/revisions"}],"predecessor-version":[{"id":328,"href":"https:\/\/buchner-druck.at\/wordpress\/index.php?rest_route=\/wp\/v2\/pages\/279\/revisions\/328"}],"wp:attachment":[{"href":"https:\/\/buchner-druck.at\/wordpress\/index.php?rest_route=%2Fwp%2Fv2%2Fmedia&parent=279"}],"curies":[{"name":"wp","href":"https:\/\/api.w.org\/{rel}","templated":true}]}}