{"id":27,"date":"2018-05-19T06:11:43","date_gmt":"2018-05-19T06:11:43","guid":{"rendered":"http:\/\/buchner-druck.at\/wordpress\/?page_id=27"},"modified":"2020-03-02T11:27:33","modified_gmt":"2020-03-02T11:27:33","slug":"drucksorten-aller-art","status":"publish","type":"page","link":"https:\/\/buchner-druck.at\/wordpress\/?page_id=27","title":{"rendered":"Drucksorten aller Art"},"content":{"rendered":"<p><strong>NEU IM SORTIMENT: Klebefolien<\/strong><br \/>\nIhr Motiv wird mittels Schneideplotter aus selbstklebenden Folien herausgeschnitten.<br \/>\nAnwendungsbeispiele: Autoaufkleber, Auslagenbeschriftungen; beinahe jede glatte Oberfl\u00e4che wie z.B. T\u00fcren, Spiegel, Briefk\u00e4sten, &#8230;.. kann beklebt werden.<\/p>\n<p><img decoding=\"async\" loading=\"lazy\" class=\"alignnone wp-image-288\" src=\"https:\/\/buchner-druck.at\/wordpress\/wp-content\/uploads\/2019\/06\/leaf-300x206.jpg\" alt=\"\" width=\"584\" height=\"400\" srcset=\"https:\/\/buchner-druck.at\/wordpress\/wp-content\/uploads\/2019\/06\/leaf-300x206.jpg 300w, https:\/\/buchner-druck.at\/wordpress\/wp-content\/uploads\/2019\/06\/leaf-768x526.jpg 768w, https:\/\/buchner-druck.at\/wordpress\/wp-content\/uploads\/2019\/06\/leaf-1024x701.jpg 1024w, https:\/\/buchner-druck.at\/wordpress\/wp-content\/uploads\/2019\/06\/leaf.jpg 1200w\" sizes=\"(max-width: 584px) 100vw, 584px\" \/><br \/>\n<img decoding=\"async\" loading=\"lazy\" class=\"alignnone wp-image-177\" src=\"https:\/\/buchner-druck.at\/wordpress\/wp-content\/uploads\/2018\/05\/autoaufkleber1-300x300.jpg\" alt=\"\" width=\"200\" height=\"200\" srcset=\"https:\/\/buchner-druck.at\/wordpress\/wp-content\/uploads\/2018\/05\/autoaufkleber1-300x300.jpg 300w, https:\/\/buchner-druck.at\/wordpress\/wp-content\/uploads\/2018\/05\/autoaufkleber1-150x150.jpg 150w, https:\/\/buchner-druck.at\/wordpress\/wp-content\/uploads\/2018\/05\/autoaufkleber1-100x100.jpg 100w, https:\/\/buchner-druck.at\/wordpress\/wp-content\/uploads\/2018\/05\/autoaufkleber1.jpg 400w\" sizes=\"(max-width: 200px) 100vw, 200px\" \/>&nbsp;&nbsp;<img decoding=\"async\" loading=\"lazy\" class=\"alignnone wp-image-182\" src=\"https:\/\/buchner-druck.at\/wordpress\/wp-content\/uploads\/2018\/06\/autoaufkleber2-300x233.jpg\" alt=\"\" width=\"258\" height=\"200\" srcset=\"https:\/\/buchner-druck.at\/wordpress\/wp-content\/uploads\/2018\/06\/autoaufkleber2-300x233.jpg 300w, https:\/\/buchner-druck.at\/wordpress\/wp-content\/uploads\/2018\/06\/autoaufkleber2.jpg 516w\" sizes=\"(max-width: 258px) 100vw, 258px\" \/><\/p>\n<p><strong>Familiendrucksorten<\/strong><br \/>\nEinladungen, Dankeskarten, Men\u00fckarten, Namenskarten, Babykarten, uvm. \u2013 wir beraten Sie gerne \u00fcber die vielf\u00e4ltigen M\u00f6glichkeiten der Gestaltung von Familiendrucksorten.<\/p>\n<p><strong>Gesch\u00e4ftsdrucksorten<\/strong><br \/>\npr\u00e4gen das Erscheinungsbild. W\u00e4hlen Sie aus verschiedensten Papierqualit\u00e4ten und nutzen Sie unsere Erfahrung. Neben Standarddrucksorten wie Briefe, Kuverts, Rechnungen, Bl\u00f6cke, Visitenkarten, Etiketten und \u00c4hnlichem, drucken wir in bester Qualit\u00e4t auch selbstdurchschreibende, mehrlagige Lieferscheine, Formulare, Post-it und vieles mehr.<\/p>\n<p><strong>Brosch\u00fcren und Flugbl\u00e4tter<\/strong><br \/>\n&#8211; Druckwerke in Signalfarben, Imagebrosch\u00fcren auf Kunstdruckpapier matt oder gl\u00e4nzend, Effektpapier mit Leinen- oder Lederstruktur bis hin zu Perlmutt- oder Metallicoberfl\u00e4chen sind nur ein kleiner Auszug aus dem unersch\u00f6pflichen Angebot.<\/p>\n<p><strong>Kalender und Schreibtischunterlagen<\/strong><br \/>\nIndividuell gestaltet oder nur als Eindruck in eine Standardvorlage. Sie bekommen Ihr individuelles Werbemittel in verschiedenen Ausf\u00fchrungen.<\/p>\n<p><strong>Trauerdrucksorten<\/strong><br \/>\nPartezettel und Gedenkbilder \u2013 Egal ob Vordrucke oder individuelle Ausf\u00fchrung nach pers\u00f6nlichen W\u00fcnschen &#8211; wir setzten alles daran, Ihre W\u00fcnsche umzusetzen.<br \/>\nModernen Technologien erm\u00f6glichen es Farbe zu verwenden und kosteng\u00fcnstig Fotografien von Verstorbenen, Zeichnungen oder Bilder in die Trauerdrucksorten aufzunehmen auch bei kleineren Auflagen (z.B. 50 Stk.).<br \/>\nIm Gegensatz zum &#8222;Partezettel&#8220;, der \u00fcber das Ableben einer Person informiert, dienen Gedenkbilder, auch &#8222;Sterbebildchen&#8220; genannt, zur Erinnerung an den Toten und werden meist anl\u00e4sslich des Begr\u00e4bnisses oder bei der Seelenmesse an die Trauerg\u00e4ste verteilt.<\/p>\n","protected":false},"excerpt":{"rendered":"<p>NEU IM SORTIMENT: Klebefolien Ihr Motiv wird mittels Schneideplotter aus selbstklebenden Folien herausgeschnitten. Anwendungsbeispiele: Autoaufkleber, Auslagenbeschriftungen; beinahe jede glatte Oberfl\u00e4che wie z.B. T\u00fcren, Spiegel, Briefk\u00e4sten, &#8230;.. kann beklebt werden. &nbsp;&nbsp; Familiendrucksorten Einladungen, Dankeskarten, Men\u00fckarten, Namenskarten, Babykarten, uvm. \u2013 wir beraten Sie gerne \u00fcber die vielf\u00e4ltigen M\u00f6glichkeiten der Gestaltung von Familiendrucksorten. Gesch\u00e4ftsdrucksorten pr\u00e4gen das Erscheinungsbild. W\u00e4hlen &hellip; <\/p>\n<p class=\"link-more\"><a href=\"https:\/\/buchner-druck.at\/wordpress\/?page_id=27\" class=\"more-link\"><span class=\"screen-reader-text\">\u201eDrucksorten aller Art\u201c<\/span> weiterlesen<\/a><\/p>\n","protected":false},"author":1,"featured_media":175,"parent":0,"menu_order":0,"comment_status":"closed","ping_status":"closed","template":"","meta":[],"_links":{"self":[{"href":"https:\/\/buchner-druck.at\/wordpress\/index.php?rest_route=\/wp\/v2\/pages\/27"}],"collection":[{"href":"https:\/\/buchner-druck.at\/wordpress\/index.php?rest_route=\/wp\/v2\/pages"}],"about":[{"href":"https:\/\/buchner-druck.at\/wordpress\/index.php?rest_route=\/wp\/v2\/types\/page"}],"author":[{"embeddable":true,"href":"https:\/\/buchner-druck.at\/wordpress\/index.php?rest_route=\/wp\/v2\/users\/1"}],"replies":[{"embeddable":true,"href":"https:\/\/buchner-druck.at\/wordpress\/index.php?rest_route=%2Fwp%2Fv2%2Fcomments&post=27"}],"version-history":[{"count":15,"href":"https:\/\/buchner-druck.at\/wordpress\/index.php?rest_route=\/wp\/v2\/pages\/27\/revisions"}],"predecessor-version":[{"id":331,"href":"https:\/\/buchner-druck.at\/wordpress\/index.php?rest_route=\/wp\/v2\/pages\/27\/revisions\/331"}],"wp:featuredmedia":[{"embeddable":true,"href":"https:\/\/buchner-druck.at\/wordpress\/index.php?rest_route=\/wp\/v2\/media\/175"}],"wp:attachment":[{"href":"https:\/\/buchner-druck.at\/wordpress\/index.php?rest_route=%2Fwp%2Fv2%2Fmedia&parent=27"}],"curies":[{"name":"wp","href":"https:\/\/api.w.org\/{rel}","templated":true}]}}