{"id":201,"date":"2019-05-16T07:03:14","date_gmt":"2019-05-16T07:03:14","guid":{"rendered":"http:\/\/buchner-druck.at\/wordpress\/?page_id=201"},"modified":"2020-03-02T11:31:08","modified_gmt":"2020-03-02T11:31:08","slug":"wir-haben-zuwachs-bekommen-mit-unserer-neuen-maschine-liebevoll-creativo-genannt-koennen-wir-unsere-produktpalette-um-einiges-erweitern","status":"publish","type":"page","link":"https:\/\/buchner-druck.at\/wordpress\/?page_id=201","title":{"rendered":"Wir haben Zuwachs bekommen! Mit unserer neuen Maschine \u2013 liebevoll \u201eCreativo\u201c genannt \u2013 k\u00f6nnen wir unsere Produktpalette um einiges erweitern \u2026"},"content":{"rendered":"<p><strong><span class=\"_5mfr\"><span class=\"_6qdm\"><img decoding=\"async\" loading=\"lazy\" class=\"alignnone size-medium wp-image-204\" src=\"https:\/\/buchner-druck.at\/wordpress\/wp-content\/uploads\/2019\/05\/creativo-300x194.jpg\" alt=\"\" width=\"300\" height=\"194\" srcset=\"https:\/\/buchner-druck.at\/wordpress\/wp-content\/uploads\/2019\/05\/creativo-300x194.jpg 300w, https:\/\/buchner-druck.at\/wordpress\/wp-content\/uploads\/2019\/05\/creativo.jpg 550w\" sizes=\"(max-width: 300px) 100vw, 300px\" \/><\/span><\/span><\/strong><\/p>\n<p><strong>&#x203c;&#xfe0f;Creativo #1: KEILRAHMENBILDER<span class=\"_5mfr\"><span class=\"_6qdm\">&#x203c;&#xfe0f;<\/span><\/span><\/strong><\/p>\n<p>Brillanter Farbdruck auf hochwertigem Leinengewebe.<br \/>\nHolzrahmen mit ca. 1,5 cm H\u00f6he.<br \/>\nDruck auf Vorderseite \u2013 Rand wei\u00df.<span class=\"text_exposed_show\"><br \/>\nOptimales Druckergebnis bei Bildern in Originalgr\u00f6\u00dfe mit min. 250 dpi Aufl\u00f6sung.<br \/>\nLieferzeit bei Versand (10,\u2013 \u20ac) ca. 3-5 Tage, bei Abholung 1-2 Tage.<\/span><\/p>\n<div class=\"text_exposed_show\">\n<p><strong><em>Standardformate\/Preise:<\/em><\/strong><br \/>\n<em>18 x 24 cm, 30,\u2013 \u20ac<\/em><br \/>\n<em>24 x 30 cm, 30,\u2013 \u20ac<\/em><br \/>\n<em>30 x 40 cm, 49,\u2013 \u20ac<\/em><br \/>\n<em>30 x 70 cm, 60,\u2013 \u20ac<\/em><\/p>\n<p>Individuelle Formate bis max. 30 x 70 cm mit beigestelltem Rahmen m\u00f6glich.&nbsp;Preis ab 25,\u2013 je nach Aufwand.<\/p>\n<div class=\"rl-gallery-container rl-loading\" id=\"rl-gallery-container-1\" data-gallery_id=\"207\"> <div class=\"rl-gallery rl-basicgrid-gallery \" id=\"rl-gallery-1\" data-gallery_no=\"1\"> <div class=\"rl-gallery-item\"><a href=\"https:\/\/buchner-druck.at\/wordpress\/wp-content\/uploads\/2019\/05\/keilrahmen1.jpg\" title=\"\" data-rl_title=\"\" class=\"rl-gallery-link\" data-rl_caption=\"\" data-rel=\"lightbox-gallery-1\"><img src=\"https:\/\/buchner-druck.at\/wordpress\/wp-content\/uploads\/2019\/05\/keilrahmen1-300x300.jpg\" width=\"300\" height=\"300\" \/><\/a><\/div><div class=\"rl-gallery-item\"><a href=\"https:\/\/buchner-druck.at\/wordpress\/wp-content\/uploads\/2019\/05\/keilrahmen2.jpg\" title=\"\" data-rl_title=\"\" class=\"rl-gallery-link\" data-rl_caption=\"\" data-rel=\"lightbox-gallery-1\"><img src=\"https:\/\/buchner-druck.at\/wordpress\/wp-content\/uploads\/2019\/05\/keilrahmen2-300x300.jpg\" width=\"300\" height=\"300\" \/><\/a><\/div><div class=\"rl-gallery-item\"><a href=\"https:\/\/buchner-druck.at\/wordpress\/wp-content\/uploads\/2019\/05\/keilrahmen3.jpg\" title=\"\" data-rl_title=\"\" class=\"rl-gallery-link\" data-rl_caption=\"\" data-rel=\"lightbox-gallery-1\"><img src=\"https:\/\/buchner-druck.at\/wordpress\/wp-content\/uploads\/2019\/05\/keilrahmen3-300x300.jpg\" width=\"300\" height=\"300\" \/><\/a><\/div><div class=\"rl-gallery-item\"><a href=\"https:\/\/buchner-druck.at\/wordpress\/wp-content\/uploads\/2019\/05\/keilrahmen4.jpg\" title=\"\" data-rl_title=\"\" class=\"rl-gallery-link\" data-rl_caption=\"\" data-rel=\"lightbox-gallery-1\"><img src=\"https:\/\/buchner-druck.at\/wordpress\/wp-content\/uploads\/2019\/05\/keilrahmen4-300x300.jpg\" width=\"300\" height=\"300\" \/><\/a><\/div><div class=\"rl-gallery-item\"><a href=\"https:\/\/buchner-druck.at\/wordpress\/wp-content\/uploads\/2019\/05\/keilrahmen5.jpg\" title=\"\" data-rl_title=\"\" class=\"rl-gallery-link\" data-rl_caption=\"\" data-rel=\"lightbox-gallery-1\"><img src=\"https:\/\/buchner-druck.at\/wordpress\/wp-content\/uploads\/2019\/05\/keilrahmen5-300x300.jpg\" width=\"300\" height=\"300\" \/><\/a><\/div><div class=\"rl-gallery-item\"><a href=\"https:\/\/buchner-druck.at\/wordpress\/wp-content\/uploads\/2019\/05\/keilrahmen6.jpg\" title=\"\" data-rl_title=\"\" class=\"rl-gallery-link\" data-rl_caption=\"\" data-rel=\"lightbox-gallery-1\"><img src=\"https:\/\/buchner-druck.at\/wordpress\/wp-content\/uploads\/2019\/05\/keilrahmen6-300x300.jpg\" width=\"300\" height=\"300\" \/><\/a><\/div><div class=\"rl-gallery-item\"><a href=\"https:\/\/buchner-druck.at\/wordpress\/wp-content\/uploads\/2019\/05\/keilrahmen7.jpg\" title=\"\" data-rl_title=\"\" class=\"rl-gallery-link\" data-rl_caption=\"\" data-rel=\"lightbox-gallery-1\"><img src=\"https:\/\/buchner-druck.at\/wordpress\/wp-content\/uploads\/2019\/05\/keilrahmen7-300x300.jpg\" width=\"300\" height=\"300\" \/><\/a><\/div> <\/div> <\/div>\n<hr>\n<p><span class=\"_5mfr\"><span class=\"_6qdm\">&nbsp;<img decoding=\"async\" loading=\"lazy\" class=\"alignnone size-full wp-image-238\" src=\"https:\/\/buchner-druck.at\/wordpress\/wp-content\/uploads\/2019\/05\/platzhalter_leer.gif\" alt=\"\" width=\"10\" height=\"20\"><br \/>\n&#x203c;&#xfe0f;<\/span><\/span><strong>Creativo #2: MOUSEPADS<\/strong><span class=\"_5mfr\"><span class=\"_6qdm\">&#x203c;&#xfe0f;<\/span><\/span><\/p>\n<p>Das i-T\u00fcpfelchen auf jedem Schreibtisch.<br \/>\nMit einem pers\u00f6nlichen Foto-Mousepad versch\u00f6nern Sie im Handumdrehen jeden Schreibtisch.<br \/>\nIdeal auch als originelles Geschenk.<\/p>\n<div class=\"text_exposed_show\">\n<p>Strahlende Farben auf textiler Oberfl\u00e4che, hinterlegt mit 0,15 cm starkem Moosgummi.&nbsp;Optimales Druckergebnis bei Bildern in Originalgr\u00f6\u00dfe mit min 250 dpi Aufl\u00f6sung.&nbsp;Lieferzeit bei Versand ca. 3-5 Tage, bei Abholung 1-2 Tage.&nbsp;Format: 23 x 19 x 0,15 cm<\/p>\n<p>Druck ab einem St\u00fcck m\u00f6glich<span class=\"_5mfr\"><span class=\"_6qdm\">&#x2757;&#xfe0f;<\/span><\/span><\/p>\n<\/div>\n<p><span style=\"font-size: 1rem;\"><div class=\"rl-gallery-container rl-loading\" id=\"rl-gallery-container-2\" data-gallery_id=\"230\"> <div class=\"rl-gallery rl-basicgrid-gallery \" id=\"rl-gallery-2\" data-gallery_no=\"2\"> <div class=\"rl-gallery-item\"><a href=\"https:\/\/buchner-druck.at\/wordpress\/wp-content\/uploads\/2019\/05\/mousepad1-1024x819.jpg\" title=\"\" data-rl_title=\"\" class=\"rl-gallery-link\" data-rl_caption=\"\" data-rel=\"lightbox-gallery-2\"><img src=\"https:\/\/buchner-druck.at\/wordpress\/wp-content\/uploads\/2019\/05\/mousepad1-300x240.jpg\" width=\"300\" height=\"240\" \/><\/a><\/div><div class=\"rl-gallery-item\"><a href=\"https:\/\/buchner-druck.at\/wordpress\/wp-content\/uploads\/2019\/05\/mousepad2-1024x819.jpg\" title=\"\" data-rl_title=\"\" class=\"rl-gallery-link\" data-rl_caption=\"\" data-rel=\"lightbox-gallery-2\"><img src=\"https:\/\/buchner-druck.at\/wordpress\/wp-content\/uploads\/2019\/05\/mousepad2-300x240.jpg\" width=\"300\" height=\"240\" \/><\/a><\/div><div class=\"rl-gallery-item\"><a href=\"https:\/\/buchner-druck.at\/wordpress\/wp-content\/uploads\/2019\/05\/mousepad3-1024x819.jpg\" title=\"\" data-rl_title=\"\" class=\"rl-gallery-link\" data-rl_caption=\"\" data-rel=\"lightbox-gallery-2\"><img src=\"https:\/\/buchner-druck.at\/wordpress\/wp-content\/uploads\/2019\/05\/mousepad3-300x240.jpg\" width=\"300\" height=\"240\" \/><\/a><\/div><div class=\"rl-gallery-item\"><a href=\"https:\/\/buchner-druck.at\/wordpress\/wp-content\/uploads\/2019\/05\/mousepad4-1024x819.jpg\" title=\"\" data-rl_title=\"\" class=\"rl-gallery-link\" data-rl_caption=\"\" data-rel=\"lightbox-gallery-2\"><img src=\"https:\/\/buchner-druck.at\/wordpress\/wp-content\/uploads\/2019\/05\/mousepad4-300x240.jpg\" width=\"300\" height=\"240\" \/><\/a><\/div> <\/div> <\/div><\/span><\/p>\n<hr>\n<p><span class=\"_5mfr\"><span class=\"_6qdm\">&nbsp;<img decoding=\"async\" loading=\"lazy\" class=\"alignnone size-full wp-image-238\" src=\"https:\/\/buchner-druck.at\/wordpress\/wp-content\/uploads\/2019\/05\/platzhalter_leer.gif\" alt=\"\" width=\"10\" height=\"20\"><br \/>\n&#x203c;&#xfe0f;<\/span><\/span><strong>Creativo #3: BIERDECKEL<\/strong><span class=\"_5mfr\"><span class=\"_6qdm\">&#x203c;&#xfe0f;<\/span><\/span><\/p>\n<p>Bleiben Sie bei Kundinnen &amp; Kunden durch kreative Werbung im Ged\u00e4chtnis, oder stechen Sie bei Freunden und Familie mit Ihrem Geschenk hervor. Ein individueller Bierdeckel ist garantiert das Highlight auf jeder Hochzeits- oder Geburtstagstafel.<\/p>\n<p>100 % Naturprodukt: Unsere Bierdeckel sind ein reines Naturprodukt, welches sich durch beste Umweltvertr\u00e4glichkeit auszeichnet. Herstellung ohne Zus\u00e4tze von Bleichmitteln oder anderen chemischen Verbindungen.<\/p>\n<p>Optimales Druckergebnis bei Bildern in Originalgr\u00f6\u00dfe mit min. 250 dpi Aufl\u00f6sung.&nbsp;Lieferzeit je nach Menge bei Versand ca. 4-6 Tage, bei Abholung 1-2 Tage.<\/p>\n<p><em><strong>Formate:<\/strong><\/em><br \/>\nquadratisch, 89 x 89 mm<br \/>\nrund, 102 mm Durchmesser<\/p>\n<div class=\"text_exposed_show\">\n<p>Druck ab einem St\u00fcck m\u00f6glich<span class=\"_5mfr\"><span class=\"_6qdm\">&#x2757;&#xfe0f;<\/span><\/span><\/p>\n<\/div>\n<p><span style=\"font-size: 1rem;\"><div class=\"rl-gallery-container rl-loading\" id=\"rl-gallery-container-3\" data-gallery_id=\"245\"> <div class=\"rl-gallery rl-basicgrid-gallery \" id=\"rl-gallery-3\" data-gallery_no=\"3\"> <div class=\"rl-gallery-item\"><a href=\"https:\/\/buchner-druck.at\/wordpress\/wp-content\/uploads\/2019\/06\/bierdeckel1-1024x819.jpg\" title=\"\" data-rl_title=\"\" class=\"rl-gallery-link\" data-rl_caption=\"\" data-rel=\"lightbox-gallery-3\"><img src=\"https:\/\/buchner-druck.at\/wordpress\/wp-content\/uploads\/2019\/06\/bierdeckel1-300x240.jpg\" width=\"300\" height=\"240\" \/><\/a><\/div><div class=\"rl-gallery-item\"><a href=\"https:\/\/buchner-druck.at\/wordpress\/wp-content\/uploads\/2019\/06\/bierdeckel2-1024x819.jpg\" title=\"\" data-rl_title=\"\" class=\"rl-gallery-link\" data-rl_caption=\"\" data-rel=\"lightbox-gallery-3\"><img src=\"https:\/\/buchner-druck.at\/wordpress\/wp-content\/uploads\/2019\/06\/bierdeckel2-300x240.jpg\" width=\"300\" height=\"240\" \/><\/a><\/div><div class=\"rl-gallery-item\"><a href=\"https:\/\/buchner-druck.at\/wordpress\/wp-content\/uploads\/2019\/06\/bierdeckel3-1024x819.jpg\" title=\"\" data-rl_title=\"\" class=\"rl-gallery-link\" data-rl_caption=\"\" data-rel=\"lightbox-gallery-3\"><img src=\"https:\/\/buchner-druck.at\/wordpress\/wp-content\/uploads\/2019\/06\/bierdeckel3-300x240.jpg\" width=\"300\" height=\"240\" \/><\/a><\/div><div class=\"rl-gallery-item\"><a href=\"https:\/\/buchner-druck.at\/wordpress\/wp-content\/uploads\/2019\/06\/bierdeckel4-1024x819.jpg\" title=\"\" data-rl_title=\"\" class=\"rl-gallery-link\" data-rl_caption=\"\" data-rel=\"lightbox-gallery-3\"><img src=\"https:\/\/buchner-druck.at\/wordpress\/wp-content\/uploads\/2019\/06\/bierdeckel4-300x240.jpg\" width=\"300\" height=\"240\" \/><\/a><\/div><div class=\"rl-gallery-item\"><a href=\"https:\/\/buchner-druck.at\/wordpress\/wp-content\/uploads\/2019\/06\/bierdeckel5-1024x819.jpg\" title=\"\" data-rl_title=\"\" class=\"rl-gallery-link\" data-rl_caption=\"\" data-rel=\"lightbox-gallery-3\"><img src=\"https:\/\/buchner-druck.at\/wordpress\/wp-content\/uploads\/2019\/06\/bierdeckel5-300x240.jpg\" width=\"300\" height=\"240\" \/><\/a><\/div><div class=\"rl-gallery-item\"><a href=\"https:\/\/buchner-druck.at\/wordpress\/wp-content\/uploads\/2019\/06\/bierdeckel6-1024x819.jpg\" title=\"\" data-rl_title=\"\" class=\"rl-gallery-link\" data-rl_caption=\"\" data-rel=\"lightbox-gallery-3\"><img src=\"https:\/\/buchner-druck.at\/wordpress\/wp-content\/uploads\/2019\/06\/bierdeckel6-300x240.jpg\" width=\"300\" height=\"240\" \/><\/a><\/div><div class=\"rl-gallery-item\"><a href=\"https:\/\/buchner-druck.at\/wordpress\/wp-content\/uploads\/2019\/06\/bierdeckel7-1024x819.jpg\" title=\"\" data-rl_title=\"\" class=\"rl-gallery-link\" data-rl_caption=\"\" data-rel=\"lightbox-gallery-3\"><img src=\"https:\/\/buchner-druck.at\/wordpress\/wp-content\/uploads\/2019\/06\/bierdeckel7-300x240.jpg\" width=\"300\" height=\"240\" \/><\/a><\/div><div class=\"rl-gallery-item\"><a href=\"https:\/\/buchner-druck.at\/wordpress\/wp-content\/uploads\/2019\/06\/bierdeckel8-1024x819.jpg\" title=\"\" data-rl_title=\"\" class=\"rl-gallery-link\" data-rl_caption=\"\" data-rel=\"lightbox-gallery-3\"><img src=\"https:\/\/buchner-druck.at\/wordpress\/wp-content\/uploads\/2019\/06\/bierdeckel8-300x240.jpg\" width=\"300\" height=\"240\" \/><\/a><\/div><div class=\"rl-gallery-item\"><a href=\"https:\/\/buchner-druck.at\/wordpress\/wp-content\/uploads\/2019\/06\/bierdeckel9-1024x819.jpg\" title=\"\" data-rl_title=\"\" class=\"rl-gallery-link\" data-rl_caption=\"\" data-rel=\"lightbox-gallery-3\"><img src=\"https:\/\/buchner-druck.at\/wordpress\/wp-content\/uploads\/2019\/06\/bierdeckel9-300x240.jpg\" width=\"300\" height=\"240\" \/><\/a><\/div><div class=\"rl-gallery-item\"><a href=\"https:\/\/buchner-druck.at\/wordpress\/wp-content\/uploads\/2019\/06\/bierdeckel10-1024x819.jpg\" title=\"\" data-rl_title=\"\" class=\"rl-gallery-link\" data-rl_caption=\"\" data-rel=\"lightbox-gallery-3\"><img src=\"https:\/\/buchner-druck.at\/wordpress\/wp-content\/uploads\/2019\/06\/bierdeckel10-300x240.jpg\" width=\"300\" height=\"240\" \/><\/a><\/div> <\/div> <\/div><\/span><\/p>\n<hr>\n<p><span class=\"_5mfr\"><span class=\"_6qdm\">&nbsp;<img decoding=\"async\" loading=\"lazy\" class=\"alignnone size-full wp-image-238\" src=\"https:\/\/buchner-druck.at\/wordpress\/wp-content\/uploads\/2019\/05\/platzhalter_leer.gif\" alt=\"\" width=\"10\" height=\"20\"><br \/>\n&#x203c;&#xfe0f;<\/span><\/span><strong>Creativo #4: FOTO-PUZZLE<\/strong><span class=\"_5mfr\"><span class=\"_6qdm\">&#x203c;&#xfe0f;<\/span><\/span><\/p>\n<p>Ein Foto-Puzzle steht f\u00fcr Spiel und Spa\u00df vereint mit Erinnerungen an sch\u00f6ne Momente.<br \/>\nWir verwandeln Ihr Lieblingsfoto in ein Foto-Puzzle und machen somit ein absolutes Highlight daraus!<br \/>\nKreieren Sie aus unvergesslichen Momenten ein einzigartiges Foto-Puzzle.<\/p>\n<div class=\"text_exposed_show\">\n<p>Optimales Druckergebnis bei Bildern in Originalgr\u00f6\u00dfe mit min 250 dpi Aufl\u00f6sung.&nbsp;Lieferzeit bei Abholung 1-2 Tage, Versand m\u00f6glich.<\/p>\n<p>Format: 190 x 135 mm<br \/>\nOberfl\u00e4che matt mit leichter Struktur<\/p>\n<\/div>\n<div class=\"text_exposed_show\">\n<p>Druck ab einem St\u00fcck m\u00f6glich<span class=\"_5mfr\"><span class=\"_6qdm\">&#x2757;&#xfe0f;<\/span><\/span><\/p>\n<\/div>\n<p><span style=\"font-size: 1rem;\"><div class=\"rl-gallery-container rl-loading\" id=\"rl-gallery-container-4\" data-gallery_id=\"260\"> <div class=\"rl-gallery rl-basicgrid-gallery \" id=\"rl-gallery-4\" data-gallery_no=\"4\"> <div class=\"rl-gallery-item\"><a href=\"https:\/\/buchner-druck.at\/wordpress\/wp-content\/uploads\/2019\/06\/puzzle1-1024x819.jpg\" title=\"\" data-rl_title=\"\" class=\"rl-gallery-link\" data-rl_caption=\"\" data-rel=\"lightbox-gallery-4\"><img src=\"https:\/\/buchner-druck.at\/wordpress\/wp-content\/uploads\/2019\/06\/puzzle1-300x240.jpg\" width=\"300\" height=\"240\" \/><\/a><\/div><div class=\"rl-gallery-item\"><a href=\"https:\/\/buchner-druck.at\/wordpress\/wp-content\/uploads\/2019\/06\/puzzle2-1024x819.jpg\" title=\"\" data-rl_title=\"\" class=\"rl-gallery-link\" data-rl_caption=\"\" data-rel=\"lightbox-gallery-4\"><img src=\"https:\/\/buchner-druck.at\/wordpress\/wp-content\/uploads\/2019\/06\/puzzle2-300x240.jpg\" width=\"300\" height=\"240\" \/><\/a><\/div><div class=\"rl-gallery-item\"><a href=\"https:\/\/buchner-druck.at\/wordpress\/wp-content\/uploads\/2019\/06\/puzzle3-1024x819.jpg\" title=\"\" data-rl_title=\"\" class=\"rl-gallery-link\" data-rl_caption=\"\" data-rel=\"lightbox-gallery-4\"><img src=\"https:\/\/buchner-druck.at\/wordpress\/wp-content\/uploads\/2019\/06\/puzzle3-300x240.jpg\" width=\"300\" height=\"240\" \/><\/a><\/div><div class=\"rl-gallery-item\"><a href=\"https:\/\/buchner-druck.at\/wordpress\/wp-content\/uploads\/2019\/06\/puzzle4-1024x819.jpg\" title=\"\" data-rl_title=\"\" class=\"rl-gallery-link\" data-rl_caption=\"\" data-rel=\"lightbox-gallery-4\"><img src=\"https:\/\/buchner-druck.at\/wordpress\/wp-content\/uploads\/2019\/06\/puzzle4-300x240.jpg\" width=\"300\" height=\"240\" \/><\/a><\/div><div class=\"rl-gallery-item\"><a href=\"https:\/\/buchner-druck.at\/wordpress\/wp-content\/uploads\/2019\/06\/puzzle5-1024x819.jpg\" title=\"\" data-rl_title=\"\" class=\"rl-gallery-link\" data-rl_caption=\"\" data-rel=\"lightbox-gallery-4\"><img src=\"https:\/\/buchner-druck.at\/wordpress\/wp-content\/uploads\/2019\/06\/puzzle5-300x240.jpg\" width=\"300\" height=\"240\" \/><\/a><\/div> <\/div> <\/div><\/span><\/p>\n<hr>\n<p><span class=\"_5mfr\"><span class=\"_6qdm\">&nbsp;<img decoding=\"async\" loading=\"lazy\" class=\"alignnone size-full wp-image-238\" src=\"https:\/\/buchner-druck.at\/wordpress\/wp-content\/uploads\/2019\/05\/platzhalter_leer.gif\" alt=\"\" width=\"10\" height=\"20\"><br \/>\n&#x203c;&#xfe0f;<\/span><\/span><strong>Creativo #5: GESCHIRR<\/strong><span class=\"_5mfr\"><span class=\"_6qdm\">&#x203c;&#xfe0f;<\/span><\/span><\/p>\n<p>Wenn Arbeit Spass macht &#8230;<br \/>\n&#8230; ein herzliches Dankesch\u00f6n f\u00fcr den tollen Auftrag an <a class=\"profileLink\" href=\"https:\/\/www.true-studios.at\" data-hovercard=\"\/ajax\/hovercard\/page.php?id=1740131099389065&amp;extragetparams=%7B%22__tn__%22%3A%22%2CdK-R-R%22%2C%22eid%22%3A%22ARCbrdbpDAJCQm140GIVDCOFYZZQux6dHCw4OSdBZ_Kz7mnH1OgDpxCyPvX3Dq-pHplr0Naa9s2wvKgg%22%2C%22fref%22%3A%22mentions%22%7D\" data-hovercard-prefer-more-content-show=\"1\">true studios<\/a><\/p>\n<p><span style=\"font-size: 1rem;\"><div class=\"rl-gallery-container rl-loading\" id=\"rl-gallery-container-5\" data-gallery_id=\"303\"> <div class=\"rl-gallery rl-basicgrid-gallery \" id=\"rl-gallery-5\" data-gallery_no=\"5\"> <div class=\"rl-gallery-item\"><a href=\"https:\/\/buchner-druck.at\/wordpress\/wp-content\/uploads\/2020\/01\/foto1.jpeg\" title=\"\" data-rl_title=\"\" class=\"rl-gallery-link\" data-rl_caption=\"\" data-rel=\"lightbox-gallery-5\"><img src=\"https:\/\/buchner-druck.at\/wordpress\/wp-content\/uploads\/2020\/01\/foto1-300x200.jpeg\" width=\"300\" height=\"200\" \/><\/a><\/div><div class=\"rl-gallery-item\"><a href=\"https:\/\/buchner-druck.at\/wordpress\/wp-content\/uploads\/2020\/01\/foto2.jpeg\" title=\"\" data-rl_title=\"\" class=\"rl-gallery-link\" data-rl_caption=\"\" data-rel=\"lightbox-gallery-5\"><img src=\"https:\/\/buchner-druck.at\/wordpress\/wp-content\/uploads\/2020\/01\/foto2-300x200.jpeg\" width=\"300\" height=\"200\" \/><\/a><\/div><div class=\"rl-gallery-item\"><a href=\"https:\/\/buchner-druck.at\/wordpress\/wp-content\/uploads\/2020\/01\/foto3.jpeg\" title=\"\" data-rl_title=\"\" class=\"rl-gallery-link\" data-rl_caption=\"\" data-rel=\"lightbox-gallery-5\"><img src=\"https:\/\/buchner-druck.at\/wordpress\/wp-content\/uploads\/2020\/01\/foto3-300x200.jpeg\" width=\"300\" height=\"200\" \/><\/a><\/div> <\/div> <\/div><\/span><\/p>\n<hr>\n<p><span class=\"_5mfr\"><span class=\"_6qdm\">&nbsp;<img decoding=\"async\" loading=\"lazy\" class=\"alignnone size-full wp-image-238\" src=\"https:\/\/buchner-druck.at\/wordpress\/wp-content\/uploads\/2019\/05\/platzhalter_leer.gif\" alt=\"\" width=\"10\" height=\"20\"><br \/>\n&#x203c;&#xfe0f;<\/span><\/span><strong>Creativo #5: HOLZTAFELN<\/strong><span class=\"_5mfr\"><span class=\"_6qdm\">&#x203c;&#xfe0f;<\/span><\/span><\/p>\n<p>Unser \u201eCreativo\u201c ist unerm\u00fcdlich und hat dieses mal ein paar Holzschilder bedruckt.<br \/>\nErstellen Sie ihr individuelles T\u00fcrschild oder ein witziges Geschenk.<br \/>\nGerne verewigen wir auch Ihr Lieblingsfoto auf Holz.<\/p>\n<p>Optimales Druckergebnis bei Bildern in Originalgr\u00f6\u00dfe mit min 250 dpi Aufl\u00f6sung.&nbsp;Lieferzeit bei vorhandener Tafel\/Abholung 1-2 Tage.<br \/>\nDruck ab einem St\u00fcck m\u00f6glich<span class=\"_5mfr\"><span class=\"_6qdm\">&#x2757;&#xfe0f;<\/span><\/span><\/p>\n<p><span style=\"font-size: 1rem;\"><div class=\"rl-gallery-container rl-loading\" id=\"rl-gallery-container-6\" data-gallery_id=\"316\"> <div class=\"rl-gallery rl-basicgrid-gallery \" id=\"rl-gallery-6\" data-gallery_no=\"6\"> <div class=\"rl-gallery-item\"><a href=\"https:\/\/buchner-druck.at\/wordpress\/wp-content\/uploads\/2020\/01\/holzschild1.jpg\" title=\"\" data-rl_title=\"\" class=\"rl-gallery-link\" data-rl_caption=\"\" data-rel=\"lightbox-gallery-6\"><img src=\"https:\/\/buchner-druck.at\/wordpress\/wp-content\/uploads\/2020\/01\/holzschild1-240x300.jpg\" width=\"240\" height=\"300\" \/><\/a><\/div><div class=\"rl-gallery-item\"><a href=\"https:\/\/buchner-druck.at\/wordpress\/wp-content\/uploads\/2020\/01\/holzschild2.jpg\" title=\"\" data-rl_title=\"\" class=\"rl-gallery-link\" data-rl_caption=\"\" data-rel=\"lightbox-gallery-6\"><img src=\"https:\/\/buchner-druck.at\/wordpress\/wp-content\/uploads\/2020\/01\/holzschild2-240x300.jpg\" width=\"240\" height=\"300\" \/><\/a><\/div><div class=\"rl-gallery-item\"><a href=\"https:\/\/buchner-druck.at\/wordpress\/wp-content\/uploads\/2020\/01\/holzschild3.jpg\" title=\"\" data-rl_title=\"\" class=\"rl-gallery-link\" data-rl_caption=\"\" data-rel=\"lightbox-gallery-6\"><img src=\"https:\/\/buchner-druck.at\/wordpress\/wp-content\/uploads\/2020\/01\/holzschild3-240x300.jpg\" width=\"240\" height=\"300\" \/><\/a><\/div><div class=\"rl-gallery-item\"><a href=\"https:\/\/buchner-druck.at\/wordpress\/wp-content\/uploads\/2020\/01\/holzschild4.jpg\" title=\"\" data-rl_title=\"\" class=\"rl-gallery-link\" data-rl_caption=\"\" data-rel=\"lightbox-gallery-6\"><img src=\"https:\/\/buchner-druck.at\/wordpress\/wp-content\/uploads\/2020\/01\/holzschild4-240x300.jpg\" width=\"240\" height=\"300\" \/><\/a><\/div> <\/div> <\/div><\/span><\/p>\n<\/div>\n","protected":false},"excerpt":{"rendered":"<p>&#x203c;&#xfe0f;Creativo #1: KEILRAHMENBILDER&#x203c;&#xfe0f; Brillanter Farbdruck auf hochwertigem Leinengewebe. Holzrahmen mit ca. 1,5 cm H\u00f6he. Druck auf Vorderseite \u2013 Rand wei\u00df. Optimales Druckergebnis bei Bildern in Originalgr\u00f6\u00dfe mit min. 250 dpi Aufl\u00f6sung. Lieferzeit bei Versand (10,\u2013 \u20ac) ca. 3-5 Tage, bei Abholung 1-2 Tage. Standardformate\/Preise: 18 x 24 cm, 30,\u2013 \u20ac 24 x 30 cm, 30,\u2013 &hellip; <\/p>\n<p class=\"link-more\"><a href=\"https:\/\/buchner-druck.at\/wordpress\/?page_id=201\" class=\"more-link\"><span class=\"screen-reader-text\">\u201eWir haben Zuwachs bekommen! Mit unserer neuen Maschine \u2013 liebevoll \u201eCreativo\u201c genannt \u2013 k\u00f6nnen wir unsere Produktpalette um einiges erweitern \u2026\u201c<\/span> weiterlesen<\/a><\/p>\n","protected":false},"author":1,"featured_media":225,"parent":0,"menu_order":0,"comment_status":"closed","ping_status":"closed","template":"","meta":[],"_links":{"self":[{"href":"https:\/\/buchner-druck.at\/wordpress\/index.php?rest_route=\/wp\/v2\/pages\/201"}],"collection":[{"href":"https:\/\/buchner-druck.at\/wordpress\/index.php?rest_route=\/wp\/v2\/pages"}],"about":[{"href":"https:\/\/buchner-druck.at\/wordpress\/index.php?rest_route=\/wp\/v2\/types\/page"}],"author":[{"embeddable":true,"href":"https:\/\/buchner-druck.at\/wordpress\/index.php?rest_route=\/wp\/v2\/users\/1"}],"replies":[{"embeddable":true,"href":"https:\/\/buchner-druck.at\/wordpress\/index.php?rest_route=%2Fwp%2Fv2%2Fcomments&post=201"}],"version-history":[{"count":24,"href":"https:\/\/buchner-druck.at\/wordpress\/index.php?rest_route=\/wp\/v2\/pages\/201\/revisions"}],"predecessor-version":[{"id":333,"href":"https:\/\/buchner-druck.at\/wordpress\/index.php?rest_route=\/wp\/v2\/pages\/201\/revisions\/333"}],"wp:featuredmedia":[{"embeddable":true,"href":"https:\/\/buchner-druck.at\/wordpress\/index.php?rest_route=\/wp\/v2\/media\/225"}],"wp:attachment":[{"href":"https:\/\/buchner-druck.at\/wordpress\/index.php?rest_route=%2Fwp%2Fv2%2Fmedia&parent=201"}],"curies":[{"name":"wp","href":"https:\/\/api.w.org\/{rel}","templated":true}]}}