{"id":160,"date":"2018-05-22T08:50:39","date_gmt":"2018-05-22T08:50:39","guid":{"rendered":"http:\/\/buchner-druck.at\/wordpress\/?page_id=160"},"modified":"2020-03-02T11:26:47","modified_gmt":"2020-03-02T11:26:47","slug":"datenschutzerklaerung","status":"publish","type":"page","link":"https:\/\/buchner-druck.at\/wordpress\/?page_id=160","title":{"rendered":"Datenschutzerkl\u00e4rung"},"content":{"rendered":"<p>Die Privatsph\u00e4re von Personen, die unsere Website nutzen und der Schutz Ihrer pers\u00f6nlichen Daten ist uns ein besonderes Anliegen. Wir verarbeiten Ihre Daten auf Grundlage der gesetzlichen Bestimmungen und verpflichten uns, alle Daten, die Sie uns als Kunde oder Nutzer unserer Website \u00fcberlassen, zu sch\u00fctzen und vertraulich zu behandeln. Ihre Daten werden nicht an Dritte weitergegeben oder in irgendeiner Form weiter genutzt.<\/p>\n<p><strong>Formular, eMail oder Telefon:<\/strong> Wenn Sie uns per Telefon, eMail oder per Formular auf unserer Website pers\u00f6nliche Daten (Name, Adresse, eMail-Adresse, Telefonnummer etc.) zur Verf\u00fcgung stellen, so geschieht das ausdr\u00fccklich auf freiwilliger Basis und zum ausschlie\u00dflichen Zweck einer m\u00f6glichen Gesch\u00e4ftsbeziehung.<br \/>\n<strong><br \/>\nDatenspeicherung:<\/strong> Zum Zweck der Vertragsabwicklung werden Ihre Daten gespeichert und sind zur Vertragserf\u00fcllung bzw. Durchf\u00fchrung vorvertraglicher Ma\u00dfnahmen wie Terminvereinbarungen erforderlich. Ihre Daten werden bis zum Ablauf der gesetzlichen und steuerrechtlichen Aufbewahrungsfristen gespeichert. Die Datenverarbeitung erfolgt auf Basis der gesetzlichen Bestimmungen in unserer Kundendatenbank.<br \/>\nWir ben\u00f6tigen die gesammelten personenbezogenen Daten zur Vertragserf\u00fcllung, Verrechnung, Geltendmachung der Vertragsanspr\u00fcche, f\u00fcr Zwecke des Kundenservice und f\u00fcr Informationszwecke. Die Daten werden hierf\u00fcr erhoben, gespeichert, verarbeitet und genutzt. Die rechtlichen Grundlagen f\u00fcr die Verarbeitung Ihrer personenbezogenen Daten sind einerseits die Erf\u00fcllung unserer rechtlichen bzw. vertraglichen Verpflichtungen sowie andererseits Ihre Einwilligung.<br \/>\nWerden Daten an Auftragsverarbeiter weitergegeben \u2013 z.B. Steuerberater, websitebetreuende Agenturen, datenverarbeitende Dienstleister etc. \u2013 erfolgt das ausschlie\u00dflich zur Erf\u00fcllung des Vertrags und der uns daraus entstehenden Rechte und Pflichten. Dar\u00fcber hinaus ausschlie\u00dflich mit ausdr\u00fccklicher Zustimmung des Betroffenen. Die Auftragsverarbeiter haben sich zur Einhaltung der geltenden datenschutzrechtlichen Bestimmungen uns gegen\u00fcber verpflichtet.<\/p>\n<p><strong>Cookies, Facebook, Instagram, Pinterest, YouTube und sonstige soziale Medien: <\/strong>Unsere Website verwendet Cookies, das sind Dateien, die mit Hilfe des Browsers auf Ihrem Endger\u00e4t abgelegt werden. Wir nutzen Cookies dazu, unser Angebot nutzerfreundlich zu gestalten. Wenn Sie das nicht w\u00fcnschen, so k\u00f6nnen Sie Ihren Browser so einrichten, dass er Sie \u00fcber das Setzen von Cookies informiert und Sie dies nur im Einzelfall erlauben. Bei der Deaktivierung von Cookies kann die Funktionalit\u00e4t unserer Website eingeschr\u00e4nkt sein.<\/p>\n<p>Datenschutzerkl\u00e4rung von Facebook unter <a href=\"http:\/\/de-de.facebook.com\/policy.php\">http:\/\/de-de.facebook.com\/policy.php<\/a><\/p>\n<p><strong>Ihre Rechte:<\/strong> Es steht Ihnen das Recht auf Auskunft, Berichtigung, L\u00f6schung,\u00a0 Einschr\u00e4nkung, Daten\u00fcbertragung, Widerruf und Widerspruch zu. Wir gehen sorgsam mit Ihren Daten um. Wenn Sie aber trotzdem glauben, dass Ihre Datenschutzrechte verletzt worden sind, k\u00f6nnen Sie sich an uns oder gleich direkt an die Datenschutzbeh\u00f6rde wenden.<\/p>\n<p><strong>Datensicherheit:<\/strong> Auch bei gr\u00f6\u00dftm\u00f6glicher Sorgfalt kann jede Daten\u00fcbertragung im Internet (z.B. bei der Kommunikation per E-Mail) Sicherheitsl\u00fccken aufweisen. Ein l\u00fcckenloser Schutz der Daten vor dem Zugriff durch Dritte ist nicht m\u00f6glich.<\/p>\n<p>Bei Fragen erreichen Sie uns unter den Kontaktdaten im <a href=\"https:\/\/buchner-druck.at\/wordpress\/?page_id=48\">Impressum<\/a>.<\/p>\n","protected":false},"excerpt":{"rendered":"<p>Die Privatsph\u00e4re von Personen, die unsere Website nutzen und der Schutz Ihrer pers\u00f6nlichen Daten ist uns ein besonderes Anliegen. Wir verarbeiten Ihre Daten auf Grundlage der gesetzlichen Bestimmungen und verpflichten uns, alle Daten, die Sie uns als Kunde oder Nutzer unserer Website \u00fcberlassen, zu sch\u00fctzen und vertraulich zu behandeln. Ihre Daten werden nicht an Dritte &hellip; <\/p>\n<p class=\"link-more\"><a href=\"https:\/\/buchner-druck.at\/wordpress\/?page_id=160\" class=\"more-link\"><span class=\"screen-reader-text\">\u201eDatenschutzerkl\u00e4rung\u201c<\/span> weiterlesen<\/a><\/p>\n","protected":false},"author":1,"featured_media":0,"parent":0,"menu_order":0,"comment_status":"closed","ping_status":"closed","template":"","meta":[],"_links":{"self":[{"href":"https:\/\/buchner-druck.at\/wordpress\/index.php?rest_route=\/wp\/v2\/pages\/160"}],"collection":[{"href":"https:\/\/buchner-druck.at\/wordpress\/index.php?rest_route=\/wp\/v2\/pages"}],"about":[{"href":"https:\/\/buchner-druck.at\/wordpress\/index.php?rest_route=\/wp\/v2\/types\/page"}],"author":[{"embeddable":true,"href":"https:\/\/buchner-druck.at\/wordpress\/index.php?rest_route=\/wp\/v2\/users\/1"}],"replies":[{"embeddable":true,"href":"https:\/\/buchner-druck.at\/wordpress\/index.php?rest_route=%2Fwp%2Fv2%2Fcomments&post=160"}],"version-history":[{"count":4,"href":"https:\/\/buchner-druck.at\/wordpress\/index.php?rest_route=\/wp\/v2\/pages\/160\/revisions"}],"predecessor-version":[{"id":330,"href":"https:\/\/buchner-druck.at\/wordpress\/index.php?rest_route=\/wp\/v2\/pages\/160\/revisions\/330"}],"wp:attachment":[{"href":"https:\/\/buchner-druck.at\/wordpress\/index.php?rest_route=%2Fwp%2Fv2%2Fmedia&parent=160"}],"curies":[{"name":"wp","href":"https:\/\/api.w.org\/{rel}","templated":true}]}}